{"id":8593,"date":"2023-01-21T10:44:12","date_gmt":"2023-01-21T09:44:12","guid":{"rendered":"https:\/\/www.shop.polyhedre.com\/produit\/degre-profil-wall-shelf\/"},"modified":"2025-07-16T12:34:32","modified_gmt":"2025-07-16T10:34:32","slug":"console-degre-profil-murale-terracotta-polyhedre-metier-dart-france-nantes-design-faience","status":"publish","type":"product","link":"https:\/\/www.shop.polyhedre.com\/en\/produit\/console-degre-profil-murale-terracotta-polyhedre-metier-dart-france-nantes-design-faience\/","title":{"rendered":"Degr\u00e9 Profil wall shelf"},"content":{"rendered":"<div class=\"page\" title=\"Page 3\">\n<div class=\"layoutArea\">\n<div class=\"column\">\n<div class=\"_aap6 _aap7 _aapa\">\n<div class=\"_a9zs\">\n<p><strong><span class=\"_aacl _aaco _aacu _aacx _aad7 _aade\">Degr\u00e9 Profil console, three possible orientations<\/span><\/strong><\/p>\n<p><span class=\"_aacl _aaco _aacu _aacx _aad7 _aade\">Degr\u00e9: A single shape, two models, Face and Profile, for a multiplicity of layouts to imagine.<\/span><\/p>\n<p>The name Degr\u00e9 here has a double meaning. Both for its staircase structure but also for its spatial dimension.<\/p>\n<p>It is a question of considering this small semi-cubic piece through its deployment in space and its free appropriation and dispersion on the wall surfaces. A decorative element in terracotta which, depending on its orientation, still retains its two functions: To accommodate collections or small objects and to offer a serial ornamental perspective thanks to the variation capacities of the two models.<\/p>\n<\/div>\n<\/div>\n<\/div>\n<\/div>\n<\/div>\n","protected":false},"excerpt":{"rendered":"<p>Degr\u00e9 Profil console, three possible orientations Degr\u00e9: A single shape, two models, Face and Profile, for a multiplicity of layouts to imagine. The name Degr\u00e9 here has a double meaning. Both for its staircase structure but also for its spatial dimension. It is a question of considering this small semi-cubic piece through its deployment in &hellip;<\/p>\n","protected":false},"featured_media":8639,"template":"","meta":[],"product_brand":[],"product_cat":[84,77,166,83],"product_tag":[],"class_list":{"0":"post-8593","1":"product","2":"type-product","3":"status-publish","4":"has-post-thumbnail","6":"product_cat-red-earthenware","7":"product_cat-terracotta-en","8":"product_cat-wall-decor","9":"product_cat-wall-self","10":"product_shipping_class-c1-en","12":"first","13":"instock","14":"shipping-taxable","15":"purchasable","16":"product-type-simple"},"yoast_head":"<!-- This site is optimized with the Yoast SEO plugin v27.3 - https:\/\/yoast.com\/product\/yoast-seo-wordpress\/ -->\n<title>Degr\u00e9 Profil wall shelf - Shop Atelier Polyhedre<\/title>\n<meta name=\"description\" content=\"The DEGR\u00c9 PROFIL wall shelf in semi-cubic terracotta can accommodate plants or small objects, and offer ornamental variations.\" \/>\n<meta name=\"robots\" content=\"index, follow, max-snippet:-1, max-image-preview:large, max-video-preview:-1\" \/>\n<link rel=\"canonical\" href=\"https:\/\/www.shop.polyhedre.com\/en\/produit\/console-degre-profil-murale-terracotta-polyhedre-metier-dart-france-nantes-design-faience\/\" \/>\n<meta property=\"og:locale\" content=\"en_US\" \/>\n<meta property=\"og:type\" content=\"article\" \/>\n<meta property=\"og:title\" content=\"Degr\u00e9 Profil wall shelf - Shop Atelier Polyhedre\" \/>\n<meta property=\"og:description\" content=\"The DEGR\u00c9 PROFIL wall shelf in semi-cubic terracotta can accommodate plants or small objects, and offer ornamental variations.\" \/>\n<meta property=\"og:url\" content=\"https:\/\/www.shop.polyhedre.com\/en\/produit\/console-degre-profil-murale-terracotta-polyhedre-metier-dart-france-nantes-design-faience\/\" \/>\n<meta property=\"og:site_name\" content=\"Shop Atelier Polyhedre\" \/>\n<meta property=\"article:publisher\" content=\"https:\/\/www.facebook.com\/atelierpolyhedre\" \/>\n<meta property=\"article:modified_time\" content=\"2025-07-16T10:34:32+00:00\" \/>\n<meta property=\"og:image\" content=\"https:\/\/www.shop.polyhedre.com\/wp-content\/uploads\/2023\/01\/degre-profil23.gif\" \/>\n\t<meta property=\"og:image:width\" content=\"605\" \/>\n\t<meta property=\"og:image:height\" content=\"750\" \/>\n\t<meta property=\"og:image:type\" content=\"image\/gif\" \/>\n<meta name=\"twitter:card\" content=\"summary_large_image\" \/>\n<meta name=\"twitter:label1\" content=\"Est. reading time\" \/>\n\t<meta name=\"twitter:data1\" content=\"1 minute\" \/>\n<script type=\"application\/ld+json\" class=\"yoast-schema-graph\">{\"@context\":\"https:\\\/\\\/schema.org\",\"@graph\":[{\"@type\":\"WebPage\",\"@id\":\"https:\\\/\\\/www.shop.polyhedre.com\\\/en\\\/produit\\\/console-degre-profil-murale-terracotta-polyhedre-metier-dart-france-nantes-design-faience\\\/\",\"url\":\"https:\\\/\\\/www.shop.polyhedre.com\\\/en\\\/produit\\\/console-degre-profil-murale-terracotta-polyhedre-metier-dart-france-nantes-design-faience\\\/\",\"name\":\"Degr\u00e9 Profil wall shelf - Shop Atelier Polyhedre\",\"isPartOf\":{\"@id\":\"https:\\\/\\\/www.shop.polyhedre.com\\\/en\\\/#website\"},\"primaryImageOfPage\":{\"@id\":\"https:\\\/\\\/www.shop.polyhedre.com\\\/en\\\/produit\\\/console-degre-profil-murale-terracotta-polyhedre-metier-dart-france-nantes-design-faience\\\/#primaryimage\"},\"image\":{\"@id\":\"https:\\\/\\\/www.shop.polyhedre.com\\\/en\\\/produit\\\/console-degre-profil-murale-terracotta-polyhedre-metier-dart-france-nantes-design-faience\\\/#primaryimage\"},\"thumbnailUrl\":\"https:\\\/\\\/www.shop.polyhedre.com\\\/wp-content\\\/uploads\\\/2023\\\/01\\\/degre-profil23.gif\",\"datePublished\":\"2023-01-21T09:44:12+00:00\",\"dateModified\":\"2025-07-16T10:34:32+00:00\",\"description\":\"The DEGR\u00c9 PROFIL wall shelf in semi-cubic terracotta can accommodate plants or small objects, and offer ornamental variations.\",\"breadcrumb\":{\"@id\":\"https:\\\/\\\/www.shop.polyhedre.com\\\/en\\\/produit\\\/console-degre-profil-murale-terracotta-polyhedre-metier-dart-france-nantes-design-faience\\\/#breadcrumb\"},\"inLanguage\":\"en-US\",\"potentialAction\":[{\"@type\":\"ReadAction\",\"target\":[\"https:\\\/\\\/www.shop.polyhedre.com\\\/en\\\/produit\\\/console-degre-profil-murale-terracotta-polyhedre-metier-dart-france-nantes-design-faience\\\/\"]}]},{\"@type\":\"ImageObject\",\"inLanguage\":\"en-US\",\"@id\":\"https:\\\/\\\/www.shop.polyhedre.com\\\/en\\\/produit\\\/console-degre-profil-murale-terracotta-polyhedre-metier-dart-france-nantes-design-faience\\\/#primaryimage\",\"url\":\"https:\\\/\\\/www.shop.polyhedre.com\\\/wp-content\\\/uploads\\\/2023\\\/01\\\/degre-profil23.gif\",\"contentUrl\":\"https:\\\/\\\/www.shop.polyhedre.com\\\/wp-content\\\/uploads\\\/2023\\\/01\\\/degre-profil23.gif\",\"width\":605,\"height\":750,\"caption\":\"Degr\u00e9 Profil\"},{\"@type\":\"BreadcrumbList\",\"@id\":\"https:\\\/\\\/www.shop.polyhedre.com\\\/en\\\/produit\\\/console-degre-profil-murale-terracotta-polyhedre-metier-dart-france-nantes-design-faience\\\/#breadcrumb\",\"itemListElement\":[{\"@type\":\"ListItem\",\"position\":1,\"name\":\"Accueil\",\"item\":\"https:\\\/\\\/www.shop.polyhedre.com\\\/en\\\/\"},{\"@type\":\"ListItem\",\"position\":2,\"name\":\"Shop\",\"item\":\"https:\\\/\\\/www.shop.polyhedre.com\\\/en\\\/\"},{\"@type\":\"ListItem\",\"position\":3,\"name\":\"Degr\u00e9 Profil wall shelf\"}]},{\"@type\":\"WebSite\",\"@id\":\"https:\\\/\\\/www.shop.polyhedre.com\\\/en\\\/#website\",\"url\":\"https:\\\/\\\/www.shop.polyhedre.com\\\/en\\\/\",\"name\":\"Shop Atelier Polyhedre\",\"description\":\"L&#039;objet c\u00e9ramique\",\"publisher\":{\"@id\":\"https:\\\/\\\/www.shop.polyhedre.com\\\/en\\\/#organization\"},\"potentialAction\":[{\"@type\":\"SearchAction\",\"target\":{\"@type\":\"EntryPoint\",\"urlTemplate\":\"https:\\\/\\\/www.shop.polyhedre.com\\\/en\\\/?s={search_term_string}\"},\"query-input\":{\"@type\":\"PropertyValueSpecification\",\"valueRequired\":true,\"valueName\":\"search_term_string\"}}],\"inLanguage\":\"en-US\"},{\"@type\":\"Organization\",\"@id\":\"https:\\\/\\\/www.shop.polyhedre.com\\\/en\\\/#organization\",\"name\":\"Atelier Polyhedre\",\"url\":\"https:\\\/\\\/www.shop.polyhedre.com\\\/en\\\/\",\"logo\":{\"@type\":\"ImageObject\",\"inLanguage\":\"en-US\",\"@id\":\"https:\\\/\\\/www.shop.polyhedre.com\\\/en\\\/#\\\/schema\\\/logo\\\/image\\\/\",\"url\":\"http:\\\/\\\/www.shop.polyhedre.com\\\/wp-content\\\/uploads\\\/2019\\\/04\\\/logo-polyhedre.png\",\"contentUrl\":\"http:\\\/\\\/www.shop.polyhedre.com\\\/wp-content\\\/uploads\\\/2019\\\/04\\\/logo-polyhedre.png\",\"width\":305,\"height\":100,\"caption\":\"Atelier Polyhedre\"},\"image\":{\"@id\":\"https:\\\/\\\/www.shop.polyhedre.com\\\/en\\\/#\\\/schema\\\/logo\\\/image\\\/\"},\"sameAs\":[\"https:\\\/\\\/www.facebook.com\\\/atelierpolyhedre\",\"https:\\\/\\\/www.instagram.com\\\/atelierpolyhedre\"]}]}<\/script>\n<!-- \/ Yoast SEO plugin. -->","yoast_head_json":{"title":"Degr\u00e9 Profil wall shelf - Shop Atelier Polyhedre","description":"The DEGR\u00c9 PROFIL wall shelf in semi-cubic terracotta can accommodate plants or small objects, and offer ornamental variations.","robots":{"index":"index","follow":"follow","max-snippet":"max-snippet:-1","max-image-preview":"max-image-preview:large","max-video-preview":"max-video-preview:-1"},"canonical":"https:\/\/www.shop.polyhedre.com\/en\/produit\/console-degre-profil-murale-terracotta-polyhedre-metier-dart-france-nantes-design-faience\/","og_locale":"en_US","og_type":"article","og_title":"Degr\u00e9 Profil wall shelf - Shop Atelier Polyhedre","og_description":"The DEGR\u00c9 PROFIL wall shelf in semi-cubic terracotta can accommodate plants or small objects, and offer ornamental variations.","og_url":"https:\/\/www.shop.polyhedre.com\/en\/produit\/console-degre-profil-murale-terracotta-polyhedre-metier-dart-france-nantes-design-faience\/","og_site_name":"Shop Atelier Polyhedre","article_publisher":"https:\/\/www.facebook.com\/atelierpolyhedre","article_modified_time":"2025-07-16T10:34:32+00:00","og_image":[{"width":605,"height":750,"url":"https:\/\/www.shop.polyhedre.com\/wp-content\/uploads\/2023\/01\/degre-profil23.gif","type":"image\/gif"}],"twitter_card":"summary_large_image","twitter_misc":{"Est. reading time":"1 minute"},"schema":{"@context":"https:\/\/schema.org","@graph":[{"@type":"WebPage","@id":"https:\/\/www.shop.polyhedre.com\/en\/produit\/console-degre-profil-murale-terracotta-polyhedre-metier-dart-france-nantes-design-faience\/","url":"https:\/\/www.shop.polyhedre.com\/en\/produit\/console-degre-profil-murale-terracotta-polyhedre-metier-dart-france-nantes-design-faience\/","name":"Degr\u00e9 Profil wall shelf - Shop Atelier Polyhedre","isPartOf":{"@id":"https:\/\/www.shop.polyhedre.com\/en\/#website"},"primaryImageOfPage":{"@id":"https:\/\/www.shop.polyhedre.com\/en\/produit\/console-degre-profil-murale-terracotta-polyhedre-metier-dart-france-nantes-design-faience\/#primaryimage"},"image":{"@id":"https:\/\/www.shop.polyhedre.com\/en\/produit\/console-degre-profil-murale-terracotta-polyhedre-metier-dart-france-nantes-design-faience\/#primaryimage"},"thumbnailUrl":"https:\/\/www.shop.polyhedre.com\/wp-content\/uploads\/2023\/01\/degre-profil23.gif","datePublished":"2023-01-21T09:44:12+00:00","dateModified":"2025-07-16T10:34:32+00:00","description":"The DEGR\u00c9 PROFIL wall shelf in semi-cubic terracotta can accommodate plants or small objects, and offer ornamental variations.","breadcrumb":{"@id":"https:\/\/www.shop.polyhedre.com\/en\/produit\/console-degre-profil-murale-terracotta-polyhedre-metier-dart-france-nantes-design-faience\/#breadcrumb"},"inLanguage":"en-US","potentialAction":[{"@type":"ReadAction","target":["https:\/\/www.shop.polyhedre.com\/en\/produit\/console-degre-profil-murale-terracotta-polyhedre-metier-dart-france-nantes-design-faience\/"]}]},{"@type":"ImageObject","inLanguage":"en-US","@id":"https:\/\/www.shop.polyhedre.com\/en\/produit\/console-degre-profil-murale-terracotta-polyhedre-metier-dart-france-nantes-design-faience\/#primaryimage","url":"https:\/\/www.shop.polyhedre.com\/wp-content\/uploads\/2023\/01\/degre-profil23.gif","contentUrl":"https:\/\/www.shop.polyhedre.com\/wp-content\/uploads\/2023\/01\/degre-profil23.gif","width":605,"height":750,"caption":"Degr\u00e9 Profil"},{"@type":"BreadcrumbList","@id":"https:\/\/www.shop.polyhedre.com\/en\/produit\/console-degre-profil-murale-terracotta-polyhedre-metier-dart-france-nantes-design-faience\/#breadcrumb","itemListElement":[{"@type":"ListItem","position":1,"name":"Accueil","item":"https:\/\/www.shop.polyhedre.com\/en\/"},{"@type":"ListItem","position":2,"name":"Shop","item":"https:\/\/www.shop.polyhedre.com\/en\/"},{"@type":"ListItem","position":3,"name":"Degr\u00e9 Profil wall shelf"}]},{"@type":"WebSite","@id":"https:\/\/www.shop.polyhedre.com\/en\/#website","url":"https:\/\/www.shop.polyhedre.com\/en\/","name":"Shop Atelier Polyhedre","description":"L&#039;objet c\u00e9ramique","publisher":{"@id":"https:\/\/www.shop.polyhedre.com\/en\/#organization"},"potentialAction":[{"@type":"SearchAction","target":{"@type":"EntryPoint","urlTemplate":"https:\/\/www.shop.polyhedre.com\/en\/?s={search_term_string}"},"query-input":{"@type":"PropertyValueSpecification","valueRequired":true,"valueName":"search_term_string"}}],"inLanguage":"en-US"},{"@type":"Organization","@id":"https:\/\/www.shop.polyhedre.com\/en\/#organization","name":"Atelier Polyhedre","url":"https:\/\/www.shop.polyhedre.com\/en\/","logo":{"@type":"ImageObject","inLanguage":"en-US","@id":"https:\/\/www.shop.polyhedre.com\/en\/#\/schema\/logo\/image\/","url":"http:\/\/www.shop.polyhedre.com\/wp-content\/uploads\/2019\/04\/logo-polyhedre.png","contentUrl":"http:\/\/www.shop.polyhedre.com\/wp-content\/uploads\/2019\/04\/logo-polyhedre.png","width":305,"height":100,"caption":"Atelier Polyhedre"},"image":{"@id":"https:\/\/www.shop.polyhedre.com\/en\/#\/schema\/logo\/image\/"},"sameAs":["https:\/\/www.facebook.com\/atelierpolyhedre","https:\/\/www.instagram.com\/atelierpolyhedre"]}]}},"_links":{"self":[{"href":"https:\/\/www.shop.polyhedre.com\/en\/wp-json\/wp\/v2\/product\/8593","targetHints":{"allow":["GET"]}}],"collection":[{"href":"https:\/\/www.shop.polyhedre.com\/en\/wp-json\/wp\/v2\/product"}],"about":[{"href":"https:\/\/www.shop.polyhedre.com\/en\/wp-json\/wp\/v2\/types\/product"}],"wp:featuredmedia":[{"embeddable":true,"href":"https:\/\/www.shop.polyhedre.com\/en\/wp-json\/wp\/v2\/media\/8639"}],"wp:attachment":[{"href":"https:\/\/www.shop.polyhedre.com\/en\/wp-json\/wp\/v2\/media?parent=8593"}],"wp:term":[{"taxonomy":"product_brand","embeddable":true,"href":"https:\/\/www.shop.polyhedre.com\/en\/wp-json\/wp\/v2\/product_brand?post=8593"},{"taxonomy":"product_cat","embeddable":true,"href":"https:\/\/www.shop.polyhedre.com\/en\/wp-json\/wp\/v2\/product_cat?post=8593"},{"taxonomy":"product_tag","embeddable":true,"href":"https:\/\/www.shop.polyhedre.com\/en\/wp-json\/wp\/v2\/product_tag?post=8593"}],"curies":[{"name":"wp","href":"https:\/\/api.w.org\/{rel}","templated":true}]}}